{"id":32,"date":"2021-11-04T12:20:40","date_gmt":"2021-11-04T12:20:40","guid":{"rendered":"http:\/\/rafaleon.es\/?page_id=32"},"modified":"2021-11-24T17:36:14","modified_gmt":"2021-11-24T17:36:14","slug":"contacto","status":"publish","type":"page","link":"https:\/\/rafaleon.es\/?page_id=32","title":{"rendered":"Contacto"},"content":{"rendered":"\t\t<div data-elementor-type=\"wp-page\" data-elementor-id=\"32\" class=\"elementor elementor-32\">\n\t\t\t\t\t\t<section class=\"elementor-section elementor-top-section elementor-element elementor-element-322cf601 elementor-section-boxed elementor-section-height-default elementor-section-height-default\" data-id=\"322cf601\" data-element_type=\"section\">\n\t\t\t\t\t\t<div class=\"elementor-container elementor-column-gap-default\">\n\t\t\t\t\t<div class=\"elementor-column elementor-col-100 elementor-top-column elementor-element elementor-element-541b9325\" data-id=\"541b9325\" data-element_type=\"column\">\n\t\t\t<div class=\"elementor-widget-wrap elementor-element-populated\">\n\t\t\t\t\t\t<div class=\"elementor-element elementor-element-69da09a4 elementor-widget elementor-widget-text-editor\" data-id=\"69da09a4\" data-element_type=\"widget\" data-widget_type=\"text-editor.default\">\n\t\t\t\t<div class=\"elementor-widget-container\">\n\t\t\t\t\t\t\t\t\t<p><\/p>\n<div class=\"wp-block-group alignwide is-layout-flow wp-block-group-is-layout-flow\">\n<p><\/p>\n<div class=\"wp-block-media-text alignwide is-stacked-on-mobile is-vertically-aligned-center\" style=\"grid-template-columns: 26% auto;\">\n<figure class=\"wp-block-media-text__media\"><img fetchpriority=\"high\" decoding=\"async\" width=\"1024\" height=\"683\" class=\"wp-image-327 size-full\" src=\"http:\/\/rafaleon.es\/wp-content\/uploads\/2021\/11\/canva-woman-wearing-violet-coat-while-standing-near-mailbox-MAD2S2Vy8CY-1024x683.jpg\" alt=\"\" srcset=\"https:\/\/rafaleon.es\/wp-content\/uploads\/2021\/11\/canva-woman-wearing-violet-coat-while-standing-near-mailbox-MAD2S2Vy8CY-1024x683.jpg 1024w, https:\/\/rafaleon.es\/wp-content\/uploads\/2021\/11\/canva-woman-wearing-violet-coat-while-standing-near-mailbox-MAD2S2Vy8CY-300x200.jpg 300w, https:\/\/rafaleon.es\/wp-content\/uploads\/2021\/11\/canva-woman-wearing-violet-coat-while-standing-near-mailbox-MAD2S2Vy8CY-768x512.jpg 768w, https:\/\/rafaleon.es\/wp-content\/uploads\/2021\/11\/canva-woman-wearing-violet-coat-while-standing-near-mailbox-MAD2S2Vy8CY-1536x1024.jpg 1536w, https:\/\/rafaleon.es\/wp-content\/uploads\/2021\/11\/canva-woman-wearing-violet-coat-while-standing-near-mailbox-MAD2S2Vy8CY.jpg 1600w\" sizes=\"(max-width: 1024px) 100vw, 1024px\" \/><\/figure>\n<div class=\"wp-block-media-text__content\">\n<p><\/p>\n<p class=\"has-large-font-size\">\u00a1Trabajemos juntos!<\/p>\n<p><\/p>\n<\/div>\n<\/div>\n<p><\/p>\n<\/div>\n<p><\/p>\n<p><\/p>\n<div class=\"wp-block-contact-form-7-contact-form-selector\">\n<div class=\"wpcf7 no-js\" id=\"wpcf7-f161-o1\" lang=\"es-ES\" dir=\"ltr\" data-wpcf7-id=\"161\">\n<div class=\"screen-reader-response\"><p role=\"status\" aria-live=\"polite\" aria-atomic=\"true\"><\/p> <ul><\/ul><\/div>\n<form action=\"\/index.php?rest_route=%2Fwp%2Fv2%2Fpages%2F32#wpcf7-f161-o1\" method=\"post\" class=\"wpcf7-form init\" aria-label=\"Formulario de contacto\" novalidate=\"novalidate\" data-status=\"init\">\n<fieldset class=\"hidden-fields-container\"><input type=\"hidden\" name=\"_wpcf7\" value=\"161\" \/><input type=\"hidden\" name=\"_wpcf7_version\" value=\"6.1.4\" \/><input type=\"hidden\" name=\"_wpcf7_locale\" value=\"es_ES\" \/><input type=\"hidden\" name=\"_wpcf7_unit_tag\" value=\"wpcf7-f161-o1\" \/><input type=\"hidden\" name=\"_wpcf7_container_post\" value=\"0\" \/><input type=\"hidden\" name=\"_wpcf7_posted_data_hash\" value=\"\" \/>\n<\/fieldset>\n<p><label> Tu nombre<br \/>\n<span class=\"wpcf7-form-control-wrap\" data-name=\"your-name\"><input size=\"40\" maxlength=\"400\" class=\"wpcf7-form-control wpcf7-text wpcf7-validates-as-required\" aria-required=\"true\" aria-invalid=\"false\" value=\"\" type=\"text\" name=\"your-name\" \/><\/span> <\/label>\n<\/p>\n<p><label> Tu correo electr\u00f3nico<br \/>\n<span class=\"wpcf7-form-control-wrap\" data-name=\"your-email\"><input size=\"40\" maxlength=\"400\" class=\"wpcf7-form-control wpcf7-email wpcf7-validates-as-required wpcf7-text wpcf7-validates-as-email\" aria-required=\"true\" aria-invalid=\"false\" value=\"\" type=\"email\" name=\"your-email\" \/><\/span> <\/label>\n<\/p>\n<p><label> Asunto<br \/>\n<span class=\"wpcf7-form-control-wrap\" data-name=\"your-subject\"><input size=\"40\" maxlength=\"400\" class=\"wpcf7-form-control wpcf7-text wpcf7-validates-as-required\" aria-required=\"true\" aria-invalid=\"false\" value=\"\" type=\"text\" name=\"your-subject\" \/><\/span> <\/label>\n<\/p>\n<p><label> Tu mensaje<br \/>\n<span class=\"wpcf7-form-control-wrap\" data-name=\"your-message\"><textarea cols=\"40\" rows=\"10\" maxlength=\"2000\" class=\"wpcf7-form-control wpcf7-textarea\" aria-invalid=\"false\" name=\"your-message\"><\/textarea><\/span> <\/label>\n<\/p>\n<p><label> Escriba el c\u00f3digo<br \/>\n<input type=\"hidden\" name=\"_wpcf7_captcha_challenge_captcha-1\" value=\"3185764746\" \/><img decoding=\"async\" class=\"wpcf7-form-control wpcf7-captchac wpcf7-captcha-captcha-1\" width=\"72\" height=\"24\" alt=\"captcha\" src=\"https:\/\/rafaleon.es\/wp-content\/uploads\/wpcf7_captcha\/3185764746.png\" \/> <span class=\"wpcf7-form-control-wrap\" data-name=\"captcha-1\"><input size=\"40\" class=\"wpcf7-form-control wpcf7-captchar\" autocomplete=\"off\" aria-invalid=\"false\" value=\"\" type=\"text\" name=\"captcha-1\" \/><\/span> <\/label>\n<\/p>\n<p><span class=\"wpcf7-form-control-wrap\" data-name=\"acceptance-52\"><span class=\"wpcf7-form-control wpcf7-acceptance optional\"><span class=\"wpcf7-list-item\"><label><input type=\"checkbox\" name=\"acceptance-52\" value=\"1\" aria-invalid=\"false\" \/><span class=\"wpcf7-list-item-label\">Acepto la <a href=\"http:\/\/rafaleon.es\/?page_id=628\">pol\u00edtica de privacidad<\/a><\/span><\/label><\/span><\/span><\/span>\n<\/p>\n<p><input class=\"wpcf7-form-control wpcf7-submit has-spinner\" type=\"submit\" value=\"Enviar\" \/>\n<\/p><div class=\"wpcf7-response-output\" aria-hidden=\"true\"><\/div>\n<\/form>\n<\/div>\n<\/div>\n<p><\/p>\t\t\t\t\t\t\t\t<\/div>\n\t\t\t\t<\/div>\n\t\t\t\t\t<\/div>\n\t\t<\/div>\n\t\t\t\t\t<\/div>\n\t\t<\/section>\n\t\t\t\t<section class=\"elementor-section elementor-top-section elementor-element elementor-element-3579dc3 elementor-section-boxed elementor-section-height-default elementor-section-height-default\" data-id=\"3579dc3\" data-element_type=\"section\">\n\t\t\t\t\t\t<div class=\"elementor-container elementor-column-gap-default\">\n\t\t\t\t\t<div class=\"elementor-column elementor-col-100 elementor-top-column elementor-element elementor-element-5b15e68\" data-id=\"5b15e68\" data-element_type=\"column\">\n\t\t\t<div class=\"elementor-widget-wrap elementor-element-populated\">\n\t\t\t\t\t\t<div class=\"elementor-element elementor-element-cecb0f4 elementor-widget elementor-widget-text-editor\" data-id=\"cecb0f4\" data-element_type=\"widget\" data-widget_type=\"text-editor.default\">\n\t\t\t\t<div class=\"elementor-widget-container\">\n\t\t\t\t\t\t\t\t\t<p><\/p>\n<p class=\"has-text-align-left\"><strong>Si deseas ampliar informaci\u00f3n (cat\u00e1logos, tarifas, claves\u2026) de mis firmas, no dudes en contactar por e-mail u otro medio.<\/strong><\/p>\n<p class=\"has-text-align-left\"><span style=\"color: #e1c406; font-family: var( --e-global-typography-text-font-family ), Sans-serif; font-weight: var( --e-global-typography-text-font-weight );\">representacionesleon@gmail.com<\/span><\/p>\n<p><span style=\"color: #e1c406;\"><\/span><\/p>\n<p><span style=\"color: #e1c406;\"><\/span><\/p>\n<p class=\"has-text-align-left\"><span style=\"color: #e1c406;\">678483058<\/span><\/p>\n<p><\/p>\n<p>\u00a0<\/p>\t\t\t\t\t\t\t\t<\/div>\n\t\t\t\t<\/div>\n\t\t\t\t\t<\/div>\n\t\t<\/div>\n\t\t\t\t\t<\/div>\n\t\t<\/section>\n\t\t\t\t<\/div>\n\t\t","protected":false},"excerpt":{"rendered":"<p>\u00a1Trabajemos juntos! Si deseas ampliar informaci\u00f3n (cat\u00e1logos, tarifas, claves\u2026) de mis firmas, no dudes en contactar por e-mail u otro medio. representacionesleon@gmail.com 678483058 \u00a0<\/p>\n","protected":false},"author":1,"featured_media":0,"parent":0,"menu_order":0,"comment_status":"closed","ping_status":"closed","template":"","meta":{"_acf_changed":false,"_monsterinsights_skip_tracking":false,"_monsterinsights_sitenote_active":false,"_monsterinsights_sitenote_note":"","_monsterinsights_sitenote_category":0,"footnotes":""},"class_list":["post-32","page","type-page","status-publish","hentry"],"acf":[],"yoast_head":"<!-- This site is optimized with the Yoast SEO plugin v26.5 - https:\/\/yoast.com\/wordpress\/plugins\/seo\/ -->\n<title>Contacto - RAFAEL LE\u00d3N<\/title>\n<meta name=\"robots\" content=\"index, follow, max-snippet:-1, max-image-preview:large, max-video-preview:-1\" \/>\n<link rel=\"canonical\" href=\"https:\/\/rafaleon.es\/?page_id=32\" \/>\n<meta property=\"og:locale\" content=\"es_ES\" \/>\n<meta property=\"og:type\" content=\"article\" \/>\n<meta property=\"og:title\" content=\"Contacto - RAFAEL LE\u00d3N\" \/>\n<meta property=\"og:description\" content=\"\u00a1Trabajemos juntos! Si deseas ampliar informaci\u00f3n (cat\u00e1logos, tarifas, claves\u2026) de mis firmas, no dudes en contactar por e-mail u otro medio. representacionesleon@gmail.com 678483058 \u00a0\" \/>\n<meta property=\"og:url\" content=\"https:\/\/rafaleon.es\/?page_id=32\" \/>\n<meta property=\"og:site_name\" content=\"RAFAEL LE\u00d3N\" \/>\n<meta property=\"article:modified_time\" content=\"2021-11-24T17:36:14+00:00\" \/>\n<meta property=\"og:image\" content=\"http:\/\/rafaleon.es\/wp-content\/uploads\/2021\/11\/canva-woman-wearing-violet-coat-while-standing-near-mailbox-MAD2S2Vy8CY-1024x683.jpg\" \/>\n<meta name=\"twitter:card\" content=\"summary_large_image\" \/>\n<meta name=\"twitter:label1\" content=\"Tiempo de lectura\" \/>\n\t<meta name=\"twitter:data1\" content=\"1 minuto\" \/>\n<script type=\"application\/ld+json\" class=\"yoast-schema-graph\">{\"@context\":\"https:\/\/schema.org\",\"@graph\":[{\"@type\":\"WebPage\",\"@id\":\"https:\/\/rafaleon.es\/?page_id=32\",\"url\":\"https:\/\/rafaleon.es\/?page_id=32\",\"name\":\"Contacto - RAFAEL LE\u00d3N\",\"isPartOf\":{\"@id\":\"https:\/\/rafaleon.es\/#website\"},\"primaryImageOfPage\":{\"@id\":\"https:\/\/rafaleon.es\/?page_id=32#primaryimage\"},\"image\":{\"@id\":\"https:\/\/rafaleon.es\/?page_id=32#primaryimage\"},\"thumbnailUrl\":\"http:\/\/rafaleon.es\/wp-content\/uploads\/2021\/11\/canva-woman-wearing-violet-coat-while-standing-near-mailbox-MAD2S2Vy8CY-1024x683.jpg\",\"datePublished\":\"2021-11-04T12:20:40+00:00\",\"dateModified\":\"2021-11-24T17:36:14+00:00\",\"breadcrumb\":{\"@id\":\"https:\/\/rafaleon.es\/?page_id=32#breadcrumb\"},\"inLanguage\":\"es\",\"potentialAction\":[{\"@type\":\"ReadAction\",\"target\":[\"https:\/\/rafaleon.es\/?page_id=32\"]}]},{\"@type\":\"ImageObject\",\"inLanguage\":\"es\",\"@id\":\"https:\/\/rafaleon.es\/?page_id=32#primaryimage\",\"url\":\"https:\/\/rafaleon.es\/wp-content\/uploads\/2021\/11\/canva-woman-wearing-violet-coat-while-standing-near-mailbox-MAD2S2Vy8CY.jpg\",\"contentUrl\":\"https:\/\/rafaleon.es\/wp-content\/uploads\/2021\/11\/canva-woman-wearing-violet-coat-while-standing-near-mailbox-MAD2S2Vy8CY.jpg\",\"width\":1600,\"height\":1067},{\"@type\":\"BreadcrumbList\",\"@id\":\"https:\/\/rafaleon.es\/?page_id=32#breadcrumb\",\"itemListElement\":[{\"@type\":\"ListItem\",\"position\":1,\"name\":\"Portada\",\"item\":\"https:\/\/rafaleon.es\/\"},{\"@type\":\"ListItem\",\"position\":2,\"name\":\"Contacto\"}]},{\"@type\":\"WebSite\",\"@id\":\"https:\/\/rafaleon.es\/#website\",\"url\":\"https:\/\/rafaleon.es\/\",\"name\":\"RAFAEL LE\u00d3N\",\"description\":\"REPRESENTACIONES DE MUEBLES Y ART\u00cdCULOS DE DECORACI\u00d3N\",\"potentialAction\":[{\"@type\":\"SearchAction\",\"target\":{\"@type\":\"EntryPoint\",\"urlTemplate\":\"https:\/\/rafaleon.es\/?s={search_term_string}\"},\"query-input\":{\"@type\":\"PropertyValueSpecification\",\"valueRequired\":true,\"valueName\":\"search_term_string\"}}],\"inLanguage\":\"es\"}]}<\/script>\n<!-- \/ Yoast SEO plugin. -->","yoast_head_json":{"title":"Contacto - RAFAEL LE\u00d3N","robots":{"index":"index","follow":"follow","max-snippet":"max-snippet:-1","max-image-preview":"max-image-preview:large","max-video-preview":"max-video-preview:-1"},"canonical":"https:\/\/rafaleon.es\/?page_id=32","og_locale":"es_ES","og_type":"article","og_title":"Contacto - RAFAEL LE\u00d3N","og_description":"\u00a1Trabajemos juntos! Si deseas ampliar informaci\u00f3n (cat\u00e1logos, tarifas, claves\u2026) de mis firmas, no dudes en contactar por e-mail u otro medio. representacionesleon@gmail.com 678483058 \u00a0","og_url":"https:\/\/rafaleon.es\/?page_id=32","og_site_name":"RAFAEL LE\u00d3N","article_modified_time":"2021-11-24T17:36:14+00:00","og_image":[{"url":"http:\/\/rafaleon.es\/wp-content\/uploads\/2021\/11\/canva-woman-wearing-violet-coat-while-standing-near-mailbox-MAD2S2Vy8CY-1024x683.jpg","type":"","width":"","height":""}],"twitter_card":"summary_large_image","twitter_misc":{"Tiempo de lectura":"1 minuto"},"schema":{"@context":"https:\/\/schema.org","@graph":[{"@type":"WebPage","@id":"https:\/\/rafaleon.es\/?page_id=32","url":"https:\/\/rafaleon.es\/?page_id=32","name":"Contacto - RAFAEL LE\u00d3N","isPartOf":{"@id":"https:\/\/rafaleon.es\/#website"},"primaryImageOfPage":{"@id":"https:\/\/rafaleon.es\/?page_id=32#primaryimage"},"image":{"@id":"https:\/\/rafaleon.es\/?page_id=32#primaryimage"},"thumbnailUrl":"http:\/\/rafaleon.es\/wp-content\/uploads\/2021\/11\/canva-woman-wearing-violet-coat-while-standing-near-mailbox-MAD2S2Vy8CY-1024x683.jpg","datePublished":"2021-11-04T12:20:40+00:00","dateModified":"2021-11-24T17:36:14+00:00","breadcrumb":{"@id":"https:\/\/rafaleon.es\/?page_id=32#breadcrumb"},"inLanguage":"es","potentialAction":[{"@type":"ReadAction","target":["https:\/\/rafaleon.es\/?page_id=32"]}]},{"@type":"ImageObject","inLanguage":"es","@id":"https:\/\/rafaleon.es\/?page_id=32#primaryimage","url":"https:\/\/rafaleon.es\/wp-content\/uploads\/2021\/11\/canva-woman-wearing-violet-coat-while-standing-near-mailbox-MAD2S2Vy8CY.jpg","contentUrl":"https:\/\/rafaleon.es\/wp-content\/uploads\/2021\/11\/canva-woman-wearing-violet-coat-while-standing-near-mailbox-MAD2S2Vy8CY.jpg","width":1600,"height":1067},{"@type":"BreadcrumbList","@id":"https:\/\/rafaleon.es\/?page_id=32#breadcrumb","itemListElement":[{"@type":"ListItem","position":1,"name":"Portada","item":"https:\/\/rafaleon.es\/"},{"@type":"ListItem","position":2,"name":"Contacto"}]},{"@type":"WebSite","@id":"https:\/\/rafaleon.es\/#website","url":"https:\/\/rafaleon.es\/","name":"RAFAEL LE\u00d3N","description":"REPRESENTACIONES DE MUEBLES Y ART\u00cdCULOS DE DECORACI\u00d3N","potentialAction":[{"@type":"SearchAction","target":{"@type":"EntryPoint","urlTemplate":"https:\/\/rafaleon.es\/?s={search_term_string}"},"query-input":{"@type":"PropertyValueSpecification","valueRequired":true,"valueName":"search_term_string"}}],"inLanguage":"es"}]}},"_links":{"self":[{"href":"https:\/\/rafaleon.es\/index.php?rest_route=\/wp\/v2\/pages\/32","targetHints":{"allow":["GET"]}}],"collection":[{"href":"https:\/\/rafaleon.es\/index.php?rest_route=\/wp\/v2\/pages"}],"about":[{"href":"https:\/\/rafaleon.es\/index.php?rest_route=\/wp\/v2\/types\/page"}],"author":[{"embeddable":true,"href":"https:\/\/rafaleon.es\/index.php?rest_route=\/wp\/v2\/users\/1"}],"replies":[{"embeddable":true,"href":"https:\/\/rafaleon.es\/index.php?rest_route=%2Fwp%2Fv2%2Fcomments&post=32"}],"version-history":[{"count":48,"href":"https:\/\/rafaleon.es\/index.php?rest_route=\/wp\/v2\/pages\/32\/revisions"}],"predecessor-version":[{"id":696,"href":"https:\/\/rafaleon.es\/index.php?rest_route=\/wp\/v2\/pages\/32\/revisions\/696"}],"wp:attachment":[{"href":"https:\/\/rafaleon.es\/index.php?rest_route=%2Fwp%2Fv2%2Fmedia&parent=32"}],"curies":[{"name":"wp","href":"https:\/\/api.w.org\/{rel}","templated":true}]}}