{"id":662,"date":"2021-11-22T19:26:41","date_gmt":"2021-11-22T19:26:41","guid":{"rendered":"http:\/\/rafaleon.es\/?page_id=662"},"modified":"2021-11-23T18:29:43","modified_gmt":"2021-11-23T18:29:43","slug":"politica-de-cookies","status":"publish","type":"page","link":"https:\/\/rafaleon.es\/?page_id=662","title":{"rendered":"Pol\u00edtica de cookies"},"content":{"rendered":"\n<h2 class=\"wp-block-heading\">\u00bfQu\u00e9 es una cookie?<\/h2>\n\n\n\n<p>Una&nbsp;<em>cookie<\/em>&nbsp;es un peque\u00f1o fichero de texto inofensivo que se almacena en su navegador cuando visita una p\u00e1gina web. Su objetivo es que la web sea capaz de recordar su visita cuando vuelva a navegar por ella, adaptando su contenido a su perfil y necesidades y mejorando la experiencia del usuario. Sin&nbsp;<em>cookies<\/em>&nbsp;los servicios ofrecidos por cualquier p\u00e1gina se ver\u00edan mermados notablemente.<\/p>\n\n\n\n<p>Aunque mucha gente no lo sabe las&nbsp;<em>cookies<\/em>&nbsp;se llevan utilizando desde hace 20 a\u00f1os, cuando aparecieron los primeros navegadores para la World Wide Web.<\/p>\n\n\n\n<h2 class=\"wp-block-heading\">\u00bfQu\u00e9 no es una cookie?<\/h2>\n\n\n\n<p>No es un virus, ni un troyano, ni un gusano, ni spam, ni spyware, ni abre ventanas pop-up.<\/p>\n\n\n\n<h2 class=\"wp-block-heading\">\u00bfQu\u00e9 informaci\u00f3n almacena una cookie?<\/h2>\n\n\n\n<p>Las&nbsp;<em>cookies<\/em>&nbsp;almacenan informaci\u00f3n de car\u00e1cter t\u00e9cnico, preferencias personales, personalizaci\u00f3n de contenidos, estad\u00edsticas de uso, enlaces a redes sociales, acceso a cuentas de usuario, etc. No almacenan fotograf\u00edas ni datos personales ni bancarios -como tarjetas de cr\u00e9dito-.<\/p>\n\n\n\n<p>El servidor web no le asocia a usted como persona si no a su navegador. De hecho, si usted navega habitualmente con Internet Explorer y prueba a navegar por la misma web con Firefox o Chrome ver\u00e1 que la web no le reconoce como el mismo usuario.<\/p>\n\n\n\n<h2 class=\"wp-block-heading\">Tipolog\u00eda, finalidad y funcionamiento de las cookies<\/h2>\n\n\n\n<p>Las&nbsp;<em>cookies<\/em>, en funci\u00f3n de su permanencia, pueden dividirse en&nbsp;<em>cookies<\/em>&nbsp;de sesi\u00f3n o permanentes.<\/p>\n\n\n\n<ul class=\"wp-block-list\"><li><strong>Cookies de sesi\u00f3n:&nbsp;<\/strong>Son aquellas que almacenan datos \u00fanicamente mientras el usuario accede a la web y una vez abandonada esta no permanecen en el disco duro del usuario.<\/li><li><strong>Cookies permanentes:&nbsp;<\/strong>Son aquellas que almacenan los datos en el disco duro del usuario para que sean accedidos y utilizados cada vez que visita nuestra web.<\/li><\/ul>\n\n\n\n<p>En funci\u00f3n de la entidad que las gestione, podemos distinguir entre:<\/p>\n\n\n\n<ul class=\"wp-block-list\"><li><strong>Cookies propias:&nbsp;<\/strong>Son aquellas que se env\u00edan al equipo terminal del usuario desde un equipo o dominio gestionado por el propio editor y desde el que se presta el servicio solicitado por el usuario.<\/li><li><strong>Cookies de terceros:&nbsp;<\/strong>Son aquellas que se env\u00edan al equipo terminal del usuario desde un equipo o dominio que no es gestionado por el editor, sino por otra entidad que trata los datos obtenidos trav\u00e9s de las em&gt;cookies. Por ejemplo Google Analytics o Facebook.<\/li><\/ul>\n\n\n\n<p>En funci\u00f3n de la finalidad y el tipo de datos que almacenan, las&nbsp;<em>cookies<\/em>&nbsp;pueden clasificarse de la siguiente forma:<\/p>\n\n\n\n<ul class=\"wp-block-list\"><li><strong>Cookies t\u00e9cnicas:&nbsp;<\/strong>Son aquellas que permiten al usuario la navegaci\u00f3n a trav\u00e9s de una p\u00e1gina web, plataforma o aplicaci\u00f3n y la utilizaci\u00f3n de las diferentes opciones o servicios que en ella existan como, por ejemplo, controlar el tr\u00e1fico y la comunicaci\u00f3n de datos, identificar la sesi\u00f3n, acceder a partes de acceso restringido, recordar los elementos que integran un pedido, realizar el proceso de compra de un pedido, realizar la solicitud de inscripci\u00f3n o participaci\u00f3n en un evento, utilizar elementos de seguridad durante la navegaci\u00f3n, almacenar contenidos para la difusi\u00f3n de videos o sonido o compartir contenidos a trav\u00e9s de redes sociales.<\/li><li><strong>Cookies de an\u00e1lisis:&nbsp;<\/strong>Son aquellas que permiten al responsable de las mismas el seguimiento y an\u00e1lisis del comportamiento de los usuarios de los sitios web a los que est\u00e1n vinculadas. La informaci\u00f3n recogida mediante este tipo de cookies se utiliza en la medici\u00f3n de la actividad de los sitios web, aplicaci\u00f3n o plataforma y para la elaboraci\u00f3n de perfiles de navegaci\u00f3n de los usuarios de dichos sitios, aplicaciones y plataformas, con el fin de introducir mejoras en funci\u00f3n del an\u00e1lisis de los datos de uso que hacen los usuarios del servicio.<\/li><li><strong>Cookies publicitarias:&nbsp;<\/strong>Son aquellas que permiten la gesti\u00f3n, de la forma m\u00e1s eficaz posible, de los espacios publicitarios que, en su caso, el editor haya incluido en una p\u00e1gina web, aplicaci\u00f3n o plataforma desde la que presta el servicio solicitado en base a criterios como el contenido editado o la frecuencia en la que se muestran los anuncios.<\/li><\/ul>\n\n\n\n<h2 class=\"wp-block-heading\">Cookies utilizadas en este sitio web<\/h2>\n\n\n\n<p>Siguiendo las directrices de la Agencia Espa\u00f1ola de Protecci\u00f3n de Datos procedemos a detallar las&nbsp;<em>cookies<\/em>&nbsp;utilizadas en esta web.<\/p>\n\n\n\n<p>Cookies propias:<\/p>\n\n\n\n<ul class=\"wp-block-list\"><li>Cookies de sesi\u00f3n, para garantizar que los usuarios que escriban comentarios en el blog sean humanos y no aplicaciones automatizadas. De esta forma se combate el&nbsp;<em>spam.<\/em><\/li><\/ul>\n\n\n\n<p>Cookies de terceros:<\/p>\n\n\n\n<ul class=\"wp-block-list\"><li>Google Analytics: Almacena&nbsp;<em>cookies<\/em>&nbsp;para poder elaborar estad\u00edsticas sobre el tr\u00e1fico y volumen de visitas. Al utilizar este sitio web est\u00e1 consintiendo el tratamiento de informaci\u00f3n acerca de usted por Google. Por tanto, el ejercicio de cualquier derecho en este sentido deber\u00e1 hacerlo comunicando directamente con Google. Indicamos las cookies de Google Analytics utilizadas:<ul><li>_ga duraci\u00f3n de 2 a\u00f1os y que sirve para distinguir a los usuarios.<\/li><li>_gid duraci\u00f3n 24 horas y se usa tambi\u00e9n para distinguir a los usuarios.<\/li><li>_gat duraci\u00f3n 1 minuto y es usada para limitar el porcentaje de solicitudes.<\/li><\/ul><\/li><li>Redes sociales: Cada red social utiliza sus propias&nbsp;<em>cookies<\/em>&nbsp;para que usted pueda pinchar en botones del tipo&nbsp;<em>Me gusta<\/em>&nbsp;o&nbsp;<em>Compartir.<\/em><\/li><\/ul>\n\n\n\n<h2 class=\"wp-block-heading\">\u00bfQu\u00e9 ocurre si desactivo las cookies?<\/h2>\n\n\n\n<p>Las cookies se pueden eliminar o bloquear, de forma general o particular para un dominio espec\u00edfico. No obstante, si las desactiva:<\/p>\n\n\n\n<ul class=\"wp-block-list\"><li>Todas las redes sociales usan&nbsp;<em>cookies<\/em>. Si las desactiva no podr\u00e1 compartir contenidos de esa web en Facebook, Twitter o cualquier otra red social.<\/li><li>No podr\u00e1 publicar comentarios en el blog, valorar contenidos ni subir fotos. La web tampoco podr\u00e1 saber si usted es un humano o una aplicaci\u00f3n automatizada que publica&nbsp;<em>spam.<\/em><\/li><li>No podr\u00e1 acceder al \u00e1rea personal de esa web, como por ejemplo&nbsp;<em>Mi cuenta<\/em>,&nbsp;<em>Mi perfil<\/em>&nbsp;o&nbsp;<em>Mis pedidos<\/em>. El sitio web no podr\u00e1 adaptar los contenidos a sus preferencias personales, como suele ocurrir en las tiendas online.<\/li><li>Le ser\u00e1 imposible realizar compras en el comercio electr\u00f3nico.<\/li><li>No ser\u00e1 posible personalizar sus preferencias geogr\u00e1ficas como franja horaria, divisa o idioma.<\/li><li>El sitio web no podr\u00e1 realizar anal\u00edticas web sobre visitantes y tr\u00e1fico en la web, lo que dificultar\u00e1 que la web sea competitiva.<\/li><\/ul>\n\n\n\n<h2 class=\"wp-block-heading\">Desactivaci\u00f3n o eliminaci\u00f3n de cookies<\/h2>\n\n\n\n<p>En cualquier momento podr\u00e1 ejercer su derecho de desactivaci\u00f3n o eliminaci\u00f3n de cookies de este sitio web. Estas acciones se realizan de forma diferente en funci\u00f3n del navegador que est\u00e9 usando. A continuaci\u00f3n le indicamos c\u00f3mo acceder a ellas en los navegadores m\u00e1s populares.&nbsp;<em>(Estos pasos pueden variar en funci\u00f3n de la versi\u00f3n del navegador)<\/em><\/p>\n\n\n\n<ul class=\"wp-block-list\"><li>Firefox: Herramientas &gt; Opciones &gt; Privacidad &gt; Historial &gt; Configuraci\u00f3n Personalizada<\/li><li>Chrome: Configuraci\u00f3n &gt; Mostrar opciones avanzadas &gt; Privacidad &gt; Configuraci\u00f3n de contenido<\/li><li>Safari: Preferencias &gt; Seguridad<\/li><li>Opera: Opciones &gt; Privacidad<\/li><li>Internet Explorer: Herramientas &gt; Opciones de Internet &gt; Privacidad &gt; Configuraci\u00f3n<\/li><\/ul>\n\n\n\n<h2 class=\"wp-block-heading\">Notas adicionales<\/h2>\n\n\n\n<p>Ni esta web ni sus representantes legales se hacen responsables del contenido o veracidad de las pol\u00edticas de privacidad que puedan tener los terceros mencionados en esta pol\u00edtica de\u00a0<em>cookies.<\/em><\/p>\n\n\n\n<p>Los navegadores web son las herramientas encargadas de almacenar las\u00a0<em>cookies<\/em>\u00a0y desde este lugar debe efectuar su derecho a eliminaci\u00f3n o desactivaci\u00f3n de las mismas. Ni esta web ni sus representantes legales pueden garantizar la correcta o incorrecta manipulaci\u00f3n de las\u00a0<em>cookies<\/em>\u00a0por parte de los navegadores.<\/p>\n\n\n\n<p>En algunos casos es necesario instalar\u00a0<em>cookies<\/em>\u00a0para que el navegador no olvide su decisi\u00f3n de no aceptaci\u00f3n de las mismas.<\/p>\n\n\n\n<p>En el caso de las\u00a0<a rel=\"noreferrer noopener\" href=\"https:\/\/developers.google.com\/analytics\/devguides\/collection\/analyticsjs\/cookie-usage?hl=es&amp;csw=1\" target=\"_blank\"><em>cookies<\/em>\u00a0de Google Analytics<\/a>, esta empresa almacena las\u00a0<em>cookies<\/em>\u00a0en servidores ubicados en Estados Unidos y se compromete a no compartirla con terceros, excepto en los casos en los que sea necesario para el funcionamiento del sistema o cuando la ley obligue a tal efecto. Seg\u00fan Google no guarda su direcci\u00f3n IP. Google Inc. es una compa\u00f1\u00eda adherida al Acuerdo de Puerto Seguro que garantiza que todos los datos transferidos ser\u00e1n tratados con un nivel de protecci\u00f3n acorde a la normativa europea.<\/p>\n\n\n\n<p>Para cualquier duda o consulta acerca de esta pol\u00edtica de\u00a0<em>cookies<\/em>\u00a0no dude en comunicarse con nosotros a trav\u00e9s del correo electr\u00f3nico: <\/p>\n\n\n\n<p class=\"has-text-color\" style=\"color:#e1c406\">representacionesleon@gmail.com<\/p>\n\n\n\n<p><\/p>\n","protected":false},"excerpt":{"rendered":"<p>\u00bfQu\u00e9 es una cookie? Una&nbsp;cookie&nbsp;es un peque\u00f1o fichero de texto inofensivo que se almacena en su navegador cuando visita una p\u00e1gina web. Su objetivo es que la web sea capaz de recordar su visita cuando vuelva a navegar por ella, adaptando su contenido a su perfil y necesidades y mejorando la experiencia del usuario. Sin&nbsp;cookies&nbsp;los &hellip; <\/p>\n<p class=\"link-more\"><a href=\"https:\/\/rafaleon.es\/?page_id=662\" class=\"more-link\">Leer m\u00e1s<span class=\"screen-reader-text\"> \u00abPol\u00edtica de cookies\u00bb<\/span><\/a><\/p>\n","protected":false},"author":1,"featured_media":0,"parent":0,"menu_order":0,"comment_status":"closed","ping_status":"closed","template":"","meta":{"_acf_changed":false,"_monsterinsights_skip_tracking":false,"_monsterinsights_sitenote_active":false,"_monsterinsights_sitenote_note":"","_monsterinsights_sitenote_category":0,"footnotes":""},"class_list":["post-662","page","type-page","status-publish","hentry"],"acf":[],"yoast_head":"<!-- This site is optimized with the Yoast SEO plugin v26.5 - https:\/\/yoast.com\/wordpress\/plugins\/seo\/ -->\n<title>Pol\u00edtica de cookies - RAFAEL LE\u00d3N<\/title>\n<meta name=\"robots\" content=\"index, follow, max-snippet:-1, max-image-preview:large, max-video-preview:-1\" \/>\n<link rel=\"canonical\" href=\"https:\/\/rafaleon.es\/?page_id=662\" \/>\n<meta property=\"og:locale\" content=\"es_ES\" \/>\n<meta property=\"og:type\" content=\"article\" \/>\n<meta property=\"og:title\" content=\"Pol\u00edtica de cookies - RAFAEL LE\u00d3N\" \/>\n<meta property=\"og:description\" content=\"\u00bfQu\u00e9 es una cookie? Una&nbsp;cookie&nbsp;es un peque\u00f1o fichero de texto inofensivo que se almacena en su navegador cuando visita una p\u00e1gina web. Su objetivo es que la web sea capaz de recordar su visita cuando vuelva a navegar por ella, adaptando su contenido a su perfil y necesidades y mejorando la experiencia del usuario. Sin&nbsp;cookies&nbsp;los &hellip; Leer m\u00e1s \u00abPol\u00edtica de cookies\u00bb\" \/>\n<meta property=\"og:url\" content=\"https:\/\/rafaleon.es\/?page_id=662\" \/>\n<meta property=\"og:site_name\" content=\"RAFAEL LE\u00d3N\" \/>\n<meta property=\"article:modified_time\" content=\"2021-11-23T18:29:43+00:00\" \/>\n<meta name=\"twitter:card\" content=\"summary_large_image\" \/>\n<meta name=\"twitter:label1\" content=\"Tiempo de lectura\" \/>\n\t<meta name=\"twitter:data1\" content=\"7 minutos\" \/>\n<script type=\"application\/ld+json\" class=\"yoast-schema-graph\">{\"@context\":\"https:\/\/schema.org\",\"@graph\":[{\"@type\":\"WebPage\",\"@id\":\"https:\/\/rafaleon.es\/?page_id=662\",\"url\":\"https:\/\/rafaleon.es\/?page_id=662\",\"name\":\"Pol\u00edtica de cookies - RAFAEL LE\u00d3N\",\"isPartOf\":{\"@id\":\"https:\/\/rafaleon.es\/#website\"},\"datePublished\":\"2021-11-22T19:26:41+00:00\",\"dateModified\":\"2021-11-23T18:29:43+00:00\",\"breadcrumb\":{\"@id\":\"https:\/\/rafaleon.es\/?page_id=662#breadcrumb\"},\"inLanguage\":\"es\",\"potentialAction\":[{\"@type\":\"ReadAction\",\"target\":[\"https:\/\/rafaleon.es\/?page_id=662\"]}]},{\"@type\":\"BreadcrumbList\",\"@id\":\"https:\/\/rafaleon.es\/?page_id=662#breadcrumb\",\"itemListElement\":[{\"@type\":\"ListItem\",\"position\":1,\"name\":\"Portada\",\"item\":\"https:\/\/rafaleon.es\/\"},{\"@type\":\"ListItem\",\"position\":2,\"name\":\"Pol\u00edtica de cookies\"}]},{\"@type\":\"WebSite\",\"@id\":\"https:\/\/rafaleon.es\/#website\",\"url\":\"https:\/\/rafaleon.es\/\",\"name\":\"RAFAEL LE\u00d3N\",\"description\":\"REPRESENTACIONES DE MUEBLES Y ART\u00cdCULOS DE DECORACI\u00d3N\",\"potentialAction\":[{\"@type\":\"SearchAction\",\"target\":{\"@type\":\"EntryPoint\",\"urlTemplate\":\"https:\/\/rafaleon.es\/?s={search_term_string}\"},\"query-input\":{\"@type\":\"PropertyValueSpecification\",\"valueRequired\":true,\"valueName\":\"search_term_string\"}}],\"inLanguage\":\"es\"}]}<\/script>\n<!-- \/ Yoast SEO plugin. -->","yoast_head_json":{"title":"Pol\u00edtica de cookies - RAFAEL LE\u00d3N","robots":{"index":"index","follow":"follow","max-snippet":"max-snippet:-1","max-image-preview":"max-image-preview:large","max-video-preview":"max-video-preview:-1"},"canonical":"https:\/\/rafaleon.es\/?page_id=662","og_locale":"es_ES","og_type":"article","og_title":"Pol\u00edtica de cookies - RAFAEL LE\u00d3N","og_description":"\u00bfQu\u00e9 es una cookie? Una&nbsp;cookie&nbsp;es un peque\u00f1o fichero de texto inofensivo que se almacena en su navegador cuando visita una p\u00e1gina web. Su objetivo es que la web sea capaz de recordar su visita cuando vuelva a navegar por ella, adaptando su contenido a su perfil y necesidades y mejorando la experiencia del usuario. Sin&nbsp;cookies&nbsp;los &hellip; Leer m\u00e1s \u00abPol\u00edtica de cookies\u00bb","og_url":"https:\/\/rafaleon.es\/?page_id=662","og_site_name":"RAFAEL LE\u00d3N","article_modified_time":"2021-11-23T18:29:43+00:00","twitter_card":"summary_large_image","twitter_misc":{"Tiempo de lectura":"7 minutos"},"schema":{"@context":"https:\/\/schema.org","@graph":[{"@type":"WebPage","@id":"https:\/\/rafaleon.es\/?page_id=662","url":"https:\/\/rafaleon.es\/?page_id=662","name":"Pol\u00edtica de cookies - RAFAEL LE\u00d3N","isPartOf":{"@id":"https:\/\/rafaleon.es\/#website"},"datePublished":"2021-11-22T19:26:41+00:00","dateModified":"2021-11-23T18:29:43+00:00","breadcrumb":{"@id":"https:\/\/rafaleon.es\/?page_id=662#breadcrumb"},"inLanguage":"es","potentialAction":[{"@type":"ReadAction","target":["https:\/\/rafaleon.es\/?page_id=662"]}]},{"@type":"BreadcrumbList","@id":"https:\/\/rafaleon.es\/?page_id=662#breadcrumb","itemListElement":[{"@type":"ListItem","position":1,"name":"Portada","item":"https:\/\/rafaleon.es\/"},{"@type":"ListItem","position":2,"name":"Pol\u00edtica de cookies"}]},{"@type":"WebSite","@id":"https:\/\/rafaleon.es\/#website","url":"https:\/\/rafaleon.es\/","name":"RAFAEL LE\u00d3N","description":"REPRESENTACIONES DE MUEBLES Y ART\u00cdCULOS DE DECORACI\u00d3N","potentialAction":[{"@type":"SearchAction","target":{"@type":"EntryPoint","urlTemplate":"https:\/\/rafaleon.es\/?s={search_term_string}"},"query-input":{"@type":"PropertyValueSpecification","valueRequired":true,"valueName":"search_term_string"}}],"inLanguage":"es"}]}},"_links":{"self":[{"href":"https:\/\/rafaleon.es\/index.php?rest_route=\/wp\/v2\/pages\/662","targetHints":{"allow":["GET"]}}],"collection":[{"href":"https:\/\/rafaleon.es\/index.php?rest_route=\/wp\/v2\/pages"}],"about":[{"href":"https:\/\/rafaleon.es\/index.php?rest_route=\/wp\/v2\/types\/page"}],"author":[{"embeddable":true,"href":"https:\/\/rafaleon.es\/index.php?rest_route=\/wp\/v2\/users\/1"}],"replies":[{"embeddable":true,"href":"https:\/\/rafaleon.es\/index.php?rest_route=%2Fwp%2Fv2%2Fcomments&post=662"}],"version-history":[{"count":3,"href":"https:\/\/rafaleon.es\/index.php?rest_route=\/wp\/v2\/pages\/662\/revisions"}],"predecessor-version":[{"id":674,"href":"https:\/\/rafaleon.es\/index.php?rest_route=\/wp\/v2\/pages\/662\/revisions\/674"}],"wp:attachment":[{"href":"https:\/\/rafaleon.es\/index.php?rest_route=%2Fwp%2Fv2%2Fmedia&parent=662"}],"curies":[{"name":"wp","href":"https:\/\/api.w.org\/{rel}","templated":true}]}}