{"id":99,"date":"2022-02-18T11:11:53","date_gmt":"2022-02-18T11:11:53","guid":{"rendered":"http:\/\/rafaleon.es\/?page_id=99"},"modified":"2025-01-30T12:35:40","modified_gmt":"2025-01-30T12:35:40","slug":"firmas-y-zonas","status":"publish","type":"page","link":"https:\/\/rafaleon.es\/?page_id=99","title":{"rendered":"Fabricantes"},"content":{"rendered":"\t\t<div data-elementor-type=\"wp-page\" data-elementor-id=\"99\" class=\"elementor elementor-99\">\n\t\t\t\t\t\t<section class=\"elementor-section elementor-top-section elementor-element elementor-element-6214165f elementor-section-boxed elementor-section-height-default elementor-section-height-default\" data-id=\"6214165f\" data-element_type=\"section\">\n\t\t\t\t\t\t<div class=\"elementor-container elementor-column-gap-default\">\n\t\t\t\t\t<div class=\"elementor-column elementor-col-100 elementor-top-column elementor-element elementor-element-68f30309\" data-id=\"68f30309\" data-element_type=\"column\">\n\t\t\t<div class=\"elementor-widget-wrap elementor-element-populated\">\n\t\t\t\t\t\t<div class=\"elementor-element elementor-element-55f244cb elementor-widget elementor-widget-text-editor\" data-id=\"55f244cb\" data-element_type=\"widget\" data-widget_type=\"text-editor.default\">\n\t\t\t\t<div class=\"elementor-widget-container\">\n\t\t\t\t\t\t\t\t\t<p><\/p>\n<p><\/p>\n<p>\u00a0<\/p>\n<p class=\"has-text-align-left\">\u00a0<\/p>\n<p><\/p>\n<div class=\"wp-block-group is-layout-flow wp-block-group-is-layout-flow\">\n<p><\/p>\n<figure class=\"wp-block-gallery columns-4 is-cropped wp-block-gallery-7 is-layout-flex wp-block-gallery-is-layout-flex\"><\/figure>\n<p><\/p>\n<\/div>\n<p><\/p>\n<p class=\"has-text-align-left\">\u00a0<\/p>\n<p class=\"has-text-align-left\"><a href=\"http:\/\/www.moycor.com\"><img fetchpriority=\"high\" decoding=\"async\" class=\"wp-image-910 size-full alignnone\" src=\"http:\/\/rafaleon.es\/wp-content\/uploads\/2022\/02\/moycor-logo.png\" alt=\"\" width=\"267\" height=\"189\" \/><\/a>Fabricante de muebles colonial con amplia experiencia en el mercado nacional e internacional. Uno de los mayores referentes en Espa\u00f1a del mueble colonial de calidad.<\/p>\n<div id='gallery-1' class='gallery galleryid-99 gallery-columns-3 gallery-size-thumbnail'><figure class='gallery-item'>\n\t\t\t<div class='gallery-icon portrait'>\n\t\t\t\t<a href='https:\/\/rafaleon.es\/?attachment_id=877'><img decoding=\"async\" width=\"150\" height=\"150\" src=\"https:\/\/rafaleon.es\/wp-content\/uploads\/2022\/02\/Moycor2-150x150.jpg\" class=\"attachment-thumbnail size-thumbnail\" alt=\"\" sizes=\"100vw\" \/><\/a>\n\t\t\t<\/div><\/figure><figure class='gallery-item'>\n\t\t\t<div class='gallery-icon portrait'>\n\t\t\t\t<a href='https:\/\/rafaleon.es\/?attachment_id=738'><img decoding=\"async\" width=\"150\" height=\"150\" src=\"https:\/\/rafaleon.es\/wp-content\/uploads\/2021\/11\/Vintage-150x150.png\" class=\"attachment-thumbnail size-thumbnail\" alt=\"\" sizes=\"100vw\" \/><\/a>\n\t\t\t<\/div><\/figure><figure class='gallery-item'>\n\t\t\t<div class='gallery-icon landscape'>\n\t\t\t\t<a href='https:\/\/rafaleon.es\/?attachment_id=343'><img loading=\"lazy\" decoding=\"async\" width=\"150\" height=\"150\" src=\"https:\/\/rafaleon.es\/wp-content\/uploads\/2021\/11\/flamingo-150x150.jpg\" class=\"attachment-thumbnail size-thumbnail\" alt=\"\" sizes=\"100vw\" \/><\/a>\n\t\t\t<\/div><\/figure><figure class='gallery-item'>\n\t\t\t<div class='gallery-icon landscape'>\n\t\t\t\t<a href='https:\/\/rafaleon.es\/?attachment_id=342'><img loading=\"lazy\" decoding=\"async\" width=\"150\" height=\"150\" src=\"https:\/\/rafaleon.es\/wp-content\/uploads\/2021\/11\/everest-1-150x150.jpg\" class=\"attachment-thumbnail size-thumbnail\" alt=\"\" sizes=\"100vw\" \/><\/a>\n\t\t\t<\/div><\/figure>\n\t\t<\/div>\n\n<p><\/p>\n<p><\/p>\n<figure class=\"wp-block-gallery columns-4 is-cropped wp-block-gallery-8 is-layout-flex wp-block-gallery-is-layout-flex\"><\/figure>\n<p><\/p>\n<p><\/p>\n<p><\/p>\n<p class=\"wp-block-gallery-9 is-layout-flex wp-block-gallery-is-layout-flex\"><\/p>\n<hr class=\"wp-block-separator has-text-color has-background has-black-background-color has-black-color is-style-wide\" \/>\n<p>\u00a0<\/p>\n<p><img loading=\"lazy\" decoding=\"async\" class=\"size-full wp-image-215 aligncenter\" src=\"http:\/\/rafaleon.es\/wp-content\/uploads\/2021\/11\/Logo-Rocco.svg\" alt=\"\" width=\"90\" height=\"90\" \/><\/p>\n<div class=\"wp-block-image\">\n<figure class=\"alignleft size-full is-resized\">Roco es la firma de Romero hosteler\u00eda que se dirige principalmente a aquellos espacios de interiorismo m\u00e1s exigentes, que cuidan cada detalle para recrear ambientes en perfecta armon\u00eda.<\/figure>\n<p>\u00a0<\/p>\n<\/div>\n<p><\/p>\n<figure class=\"wp-block-gallery columns-4 is-cropped wp-block-gallery-10 is-layout-flex wp-block-gallery-is-layout-flex\">\n<div id='gallery-2' class='gallery galleryid-99 gallery-columns-4 gallery-size-thumbnail'><figure class='gallery-item'>\n\t\t\t<div class='gallery-icon landscape'>\n\t\t\t\t<a href='https:\/\/rafaleon.es\/?attachment_id=746'><img loading=\"lazy\" decoding=\"async\" width=\"150\" height=\"150\" src=\"https:\/\/rafaleon.es\/wp-content\/uploads\/2021\/12\/IMG-3330-150x150.png\" class=\"attachment-thumbnail size-thumbnail\" alt=\"\" sizes=\"100vw\" \/><\/a>\n\t\t\t<\/div><\/figure><figure class='gallery-item'>\n\t\t\t<div class='gallery-icon landscape'>\n\t\t\t\t<a href='https:\/\/rafaleon.es\/?attachment_id=377'><img loading=\"lazy\" decoding=\"async\" width=\"150\" height=\"150\" src=\"https:\/\/rafaleon.es\/wp-content\/uploads\/2021\/11\/romero3-150x150.jpg\" class=\"attachment-thumbnail size-thumbnail\" alt=\"\" sizes=\"100vw\" \/><\/a>\n\t\t\t<\/div><\/figure><figure class='gallery-item'>\n\t\t\t<div class='gallery-icon landscape'>\n\t\t\t\t<a href='https:\/\/rafaleon.es\/?attachment_id=375'><img loading=\"lazy\" decoding=\"async\" width=\"150\" height=\"150\" src=\"https:\/\/rafaleon.es\/wp-content\/uploads\/2021\/11\/romero1-150x150.jpeg\" class=\"attachment-thumbnail size-thumbnail\" alt=\"\" sizes=\"100vw\" \/><\/a>\n\t\t\t<\/div><\/figure><figure class='gallery-item'>\n\t\t\t<div class='gallery-icon landscape'>\n\t\t\t\t<a href='https:\/\/rafaleon.es\/?attachment_id=376'><img loading=\"lazy\" decoding=\"async\" width=\"150\" height=\"150\" src=\"https:\/\/rafaleon.es\/wp-content\/uploads\/2021\/11\/romero2-150x150.jpg\" class=\"attachment-thumbnail size-thumbnail\" alt=\"\" sizes=\"100vw\" \/><\/a>\n\t\t\t<\/div><\/figure>\n\t\t<\/div>\n\n<\/figure>\n<p><\/p>\n<hr class=\"wp-block-separator has-text-color has-background has-black-background-color has-black-color is-style-wide\" \/>\n<p><\/p>\n<div class=\"wp-block-image\">\n<figure><a href=\"http:\/\/www.gdeco.es\"><img loading=\"lazy\" decoding=\"async\" class=\"wp-image-229 size-thumbnail alignnone\" src=\"http:\/\/rafaleon.es\/wp-content\/uploads\/2021\/11\/g-deco-150x150.jpg\" alt=\"\" width=\"150\" height=\"150\" srcset=\"https:\/\/rafaleon.es\/wp-content\/uploads\/2021\/11\/g-deco-150x150.jpg 150w, https:\/\/rafaleon.es\/wp-content\/uploads\/2021\/11\/g-deco.jpg 200w\" sizes=\"(max-width: 150px) 100vw, 150px\" \/><\/a><\/figure>\n<figure class=\"alignleft size-full is-resized\">Empresa dedicada a la importaci\u00f3n, distribuci\u00f3n y comercializaci\u00f3n al por mayor de muebles y art\u00edculos de decoraci\u00f3n para el hogar, apostando siempre por el dise\u00f1o, calidad e innovaci\u00f3n en todos sus productos.<\/figure>\n<\/div>\n<p><\/p>\n<p class=\"wp-block-gallery-11 is-layout-flex wp-block-gallery-is-layout-flex\">\u00a0<\/p>\n<div id='gallery-3' class='gallery galleryid-99 gallery-columns-4 gallery-size-thumbnail'><figure class='gallery-item'>\n\t\t\t<div class='gallery-icon landscape'>\n\t\t\t\t<a href='https:\/\/rafaleon.es\/?attachment_id=1155'><img loading=\"lazy\" decoding=\"async\" width=\"150\" height=\"150\" src=\"https:\/\/rafaleon.es\/wp-content\/uploads\/2022\/11\/gdeco6-150x150.jpg\" class=\"attachment-thumbnail size-thumbnail\" alt=\"\" sizes=\"100vw\" \/><\/a>\n\t\t\t<\/div><\/figure><figure class='gallery-item'>\n\t\t\t<div class='gallery-icon portrait'>\n\t\t\t\t<a href='https:\/\/rafaleon.es\/?attachment_id=1151'><img loading=\"lazy\" decoding=\"async\" width=\"150\" height=\"150\" src=\"https:\/\/rafaleon.es\/wp-content\/uploads\/2022\/11\/Consola-espejo-gdeco-150x150.jpg\" class=\"attachment-thumbnail size-thumbnail\" alt=\"\" sizes=\"100vw\" \/><\/a>\n\t\t\t<\/div><\/figure><figure class='gallery-item'>\n\t\t\t<div class='gallery-icon landscape'>\n\t\t\t\t<a href='https:\/\/rafaleon.es\/?attachment_id=912'><img loading=\"lazy\" decoding=\"async\" width=\"150\" height=\"150\" src=\"https:\/\/rafaleon.es\/wp-content\/uploads\/2022\/02\/gdeco2-150x150.jpg\" class=\"attachment-thumbnail size-thumbnail\" alt=\"\" sizes=\"100vw\" \/><\/a>\n\t\t\t<\/div><\/figure><figure class='gallery-item'>\n\t\t\t<div class='gallery-icon portrait'>\n\t\t\t\t<a href='https:\/\/rafaleon.es\/?attachment_id=1154'><img loading=\"lazy\" decoding=\"async\" width=\"150\" height=\"150\" src=\"https:\/\/rafaleon.es\/wp-content\/uploads\/2022\/11\/gdeco5-150x150.jpg\" class=\"attachment-thumbnail size-thumbnail\" alt=\"\" sizes=\"100vw\" \/><\/a>\n\t\t\t<\/div><\/figure>\n\t\t<\/div>\n\n<p><\/p>\n<hr class=\"wp-block-separator has-text-color has-background has-black-background-color has-black-color is-style-wide\" \/>\n<p>\u00a0<\/p>\n<p><img loading=\"lazy\" decoding=\"async\" class=\"size-full wp-image-220 aligncenter\" src=\"http:\/\/rafaleon.es\/wp-content\/uploads\/2021\/11\/L\u00b4oca-Nera.jpg\" alt=\"\" width=\"194\" height=\"32\" \/><\/p>\n<p>Importador Italiano con decoraciones actuales en diferentes estilos, mediterraneo, contemporaneo, moderno, urbano, etno chic.<\/p>\n<p><\/p>\n<figure class=\"wp-block-gallery columns-4 is-cropped wp-block-gallery-12 is-layout-flex wp-block-gallery-is-layout-flex\">\n<div id='gallery-4' class='gallery galleryid-99 gallery-columns-4 gallery-size-thumbnail'><figure class='gallery-item'>\n\t\t\t<div class='gallery-icon portrait'>\n\t\t\t\t<a href='https:\/\/rafaleon.es\/?attachment_id=915'><img loading=\"lazy\" decoding=\"async\" width=\"150\" height=\"150\" src=\"https:\/\/rafaleon.es\/wp-content\/uploads\/2022\/02\/cuadro-loca-nera-150x150.jpg\" class=\"attachment-thumbnail size-thumbnail\" alt=\"\" sizes=\"100vw\" \/><\/a>\n\t\t\t<\/div><\/figure><figure class='gallery-item'>\n\t\t\t<div class='gallery-icon landscape'>\n\t\t\t\t<a href='https:\/\/rafaleon.es\/?attachment_id=916'><img loading=\"lazy\" decoding=\"async\" width=\"150\" height=\"150\" src=\"https:\/\/rafaleon.es\/wp-content\/uploads\/2022\/02\/lighting-150x150.jpg\" class=\"attachment-thumbnail size-thumbnail\" alt=\"\" sizes=\"100vw\" \/><\/a>\n\t\t\t<\/div><\/figure><figure class='gallery-item'>\n\t\t\t<div class='gallery-icon landscape'>\n\t\t\t\t<a href='https:\/\/rafaleon.es\/?attachment_id=917'><img loading=\"lazy\" decoding=\"async\" width=\"150\" height=\"150\" src=\"https:\/\/rafaleon.es\/wp-content\/uploads\/2022\/02\/mediterraneo-150x150.jpg\" class=\"attachment-thumbnail size-thumbnail\" alt=\"\" sizes=\"100vw\" \/><\/a>\n\t\t\t<\/div><\/figure><figure class='gallery-item'>\n\t\t\t<div class='gallery-icon landscape'>\n\t\t\t\t<a href='https:\/\/rafaleon.es\/?attachment_id=918'><img loading=\"lazy\" decoding=\"async\" width=\"150\" height=\"150\" src=\"https:\/\/rafaleon.es\/wp-content\/uploads\/2022\/02\/vernissage-150x150.jpg\" class=\"attachment-thumbnail size-thumbnail\" alt=\"\" sizes=\"100vw\" \/><\/a>\n\t\t\t<\/div><\/figure>\n\t\t<\/div>\n\n<\/figure>\n<p><\/p>\n<hr class=\"wp-block-separator has-text-color has-background has-black-background-color has-black-color is-style-wide\" \/>\n<p><\/p>\n<p><a href=\"https:\/\/munozrobles.com\"><img loading=\"lazy\" decoding=\"async\" class=\"wp-image-1173 size-thumbnail aligncenter\" src=\"http:\/\/rafaleon.es\/wp-content\/uploads\/2022\/12\/logo-munoz-robles-150x150.jpg\" alt=\"\" width=\"150\" height=\"150\" \/><\/a>Empresa l\u00edder en la fabricaci\u00f3n y venta de muebles tapizados, con una amplia oferta de productos en cat\u00e1logo. Actual, vanguardista, cl\u00e1sico y convencional.<\/p>\n<p>Mu\u00f1oz Robles destaca su apuesta por el dise\u00f1o, la innovaci\u00f3n y el desarrollo de nuevas tendencias y estilos.\u00a0\u00a0<\/p>\n<div>\u00a0<\/div>\n<div>\n<div id='gallery-5' class='gallery galleryid-99 gallery-columns-5 gallery-size-medium'><figure class='gallery-item'>\n\t\t\t<div class='gallery-icon landscape'>\n\t\t\t\t<a href='https:\/\/rafaleon.es\/?attachment_id=1178'><img loading=\"lazy\" decoding=\"async\" width=\"300\" height=\"176\" src=\"https:\/\/rafaleon.es\/wp-content\/uploads\/2022\/12\/pink-300x176.jpg\" class=\"attachment-medium size-medium\" alt=\"\" srcset=\"https:\/\/rafaleon.es\/wp-content\/uploads\/2022\/12\/pink-300x176.jpg 300w, https:\/\/rafaleon.es\/wp-content\/uploads\/2022\/12\/pink-768x450.jpg 768w, https:\/\/rafaleon.es\/wp-content\/uploads\/2022\/12\/pink.jpg 1024w\" sizes=\"100vw\" \/><\/a>\n\t\t\t<\/div><\/figure><figure class='gallery-item'>\n\t\t\t<div class='gallery-icon landscape'>\n\t\t\t\t<a href='https:\/\/rafaleon.es\/?attachment_id=1177'><img loading=\"lazy\" decoding=\"async\" width=\"265\" height=\"191\" src=\"https:\/\/rafaleon.es\/wp-content\/uploads\/2022\/12\/Munoz-Robles.jpg\" class=\"attachment-medium size-medium\" alt=\"\" sizes=\"100vw\" \/><\/a>\n\t\t\t<\/div><\/figure><figure class='gallery-item'>\n\t\t\t<div class='gallery-icon landscape'>\n\t\t\t\t<a href='https:\/\/rafaleon.es\/?attachment_id=1174'><img loading=\"lazy\" decoding=\"async\" width=\"300\" height=\"176\" src=\"https:\/\/rafaleon.es\/wp-content\/uploads\/2022\/12\/chill-out-300x176.jpg\" class=\"attachment-medium size-medium\" alt=\"\" srcset=\"https:\/\/rafaleon.es\/wp-content\/uploads\/2022\/12\/chill-out-300x176.jpg 300w, https:\/\/rafaleon.es\/wp-content\/uploads\/2022\/12\/chill-out-768x450.jpg 768w, https:\/\/rafaleon.es\/wp-content\/uploads\/2022\/12\/chill-out.jpg 1024w\" sizes=\"100vw\" \/><\/a>\n\t\t\t<\/div><\/figure><figure class='gallery-item'>\n\t\t\t<div class='gallery-icon landscape'>\n\t\t\t\t<a href='https:\/\/rafaleon.es\/?attachment_id=1175'><img loading=\"lazy\" decoding=\"async\" width=\"271\" height=\"186\" src=\"https:\/\/rafaleon.es\/wp-content\/uploads\/2022\/12\/corum.jpg\" class=\"attachment-medium size-medium\" alt=\"\" sizes=\"100vw\" \/><\/a>\n\t\t\t<\/div><\/figure>\n\t\t<\/div>\n\n<\/div>\n<div><hr class=\"wp-block-separator has-text-color has-background has-black-background-color has-black-color is-style-wide\" \/><\/div>\n<div>\n<p>\u00a0<\/p>\n<\/div>\n<div>\u00a0<\/div>\n<div class=\"wp-block-image\"><strong>Si deseas ampliar informaci\u00f3n (cat\u00e1logos, tarifas, claves\u2026) de mis firmas, no dudes en contactar por e-mail u otro medio.<\/strong><\/div>\n<div class=\"wp-block-columns has-white-color has-black-background-color has-text-color has-background\">\n<div class=\"wp-block-column\" style=\"flex-basis: 100%;\">\n<div class=\"wp-block-group\">\n<p><\/p>\n<p class=\"has-text-align-left\"><span class=\"has-inline-color\" style=\"color: #e1c406;\">representacionesleon@gmail.com <\/span><\/p>\n<p><\/p>\n<p class=\"has-text-align-left\"><span class=\"has-inline-color\" style=\"color: #e1c406;\">678483058 <\/span><\/p>\n<p><\/p>\n<\/div>\n<p><!-- \/wp:group --><\/p>\n<\/div>\n<p><!-- \/wp:column --><\/p>\n<p>\u00a0<\/p>\n<\/div>\n<p><!-- \/wp:columns --><\/p>\t\t\t\t\t\t\t\t<\/div>\n\t\t\t\t<\/div>\n\t\t\t\t\t<\/div>\n\t\t<\/div>\n\t\t\t\t\t<\/div>\n\t\t<\/section>\n\t\t\t\t<\/div>\n\t\t","protected":false},"excerpt":{"rendered":"<p>\u00a0 \u00a0 Empresa l\u00edder en la fabricaci\u00f3n y venta de muebles tapizados, con una amplia oferta de productos en cat\u00e1logo. Actual, vanguardista, cl\u00e1sico y convencional. Mu\u00f1oz Robles destaca su apuesta por el dise\u00f1o, la innovaci\u00f3n y el desarrollo de nuevas tendencias y estilos.\u00a0\u00a0 \u00a0 \u00a0 \u00a0 Si deseas ampliar informaci\u00f3n (cat\u00e1logos, tarifas, claves\u2026) de mis &hellip; <\/p>\n<p class=\"link-more\"><a href=\"https:\/\/rafaleon.es\/?page_id=99\" class=\"more-link\">Leer m\u00e1s<span class=\"screen-reader-text\"> \u00abFabricantes\u00bb<\/span><\/a><\/p>\n","protected":false},"author":1,"featured_media":0,"parent":0,"menu_order":0,"comment_status":"closed","ping_status":"closed","template":"","meta":{"_acf_changed":false,"_monsterinsights_skip_tracking":false,"_monsterinsights_sitenote_active":false,"_monsterinsights_sitenote_note":"","_monsterinsights_sitenote_category":0,"footnotes":""},"class_list":["post-99","page","type-page","status-publish","hentry"],"acf":[],"yoast_head":"<!-- This site is optimized with the Yoast SEO plugin v26.5 - https:\/\/yoast.com\/wordpress\/plugins\/seo\/ -->\n<title>Fabricantes - RAFAEL LE\u00d3N<\/title>\n<meta name=\"robots\" content=\"index, follow, max-snippet:-1, max-image-preview:large, max-video-preview:-1\" \/>\n<link rel=\"canonical\" href=\"https:\/\/rafaleon.es\/?page_id=99\" \/>\n<meta property=\"og:locale\" content=\"es_ES\" \/>\n<meta property=\"og:type\" content=\"article\" \/>\n<meta property=\"og:title\" content=\"Fabricantes - RAFAEL LE\u00d3N\" \/>\n<meta property=\"og:description\" content=\"\u00a0 \u00a0 Empresa l\u00edder en la fabricaci\u00f3n y venta de muebles tapizados, con una amplia oferta de productos en cat\u00e1logo. Actual, vanguardista, cl\u00e1sico y convencional. Mu\u00f1oz Robles destaca su apuesta por el dise\u00f1o, la innovaci\u00f3n y el desarrollo de nuevas tendencias y estilos.\u00a0\u00a0 \u00a0 \u00a0 \u00a0 Si deseas ampliar informaci\u00f3n (cat\u00e1logos, tarifas, claves\u2026) de mis &hellip; Leer m\u00e1s \u00abFabricantes\u00bb\" \/>\n<meta property=\"og:url\" content=\"https:\/\/rafaleon.es\/?page_id=99\" \/>\n<meta property=\"og:site_name\" content=\"RAFAEL LE\u00d3N\" \/>\n<meta property=\"article:modified_time\" content=\"2025-01-30T12:35:40+00:00\" \/>\n<meta property=\"og:image\" content=\"http:\/\/rafaleon.es\/wp-content\/uploads\/2022\/02\/Moycor2-150x150.jpg\" \/>\n<meta name=\"twitter:card\" content=\"summary_large_image\" \/>\n<meta name=\"twitter:label1\" content=\"Tiempo de lectura\" \/>\n\t<meta name=\"twitter:data1\" content=\"2 minutos\" \/>\n<script type=\"application\/ld+json\" class=\"yoast-schema-graph\">{\"@context\":\"https:\/\/schema.org\",\"@graph\":[{\"@type\":\"WebPage\",\"@id\":\"https:\/\/rafaleon.es\/?page_id=99\",\"url\":\"https:\/\/rafaleon.es\/?page_id=99\",\"name\":\"Fabricantes - RAFAEL LE\u00d3N\",\"isPartOf\":{\"@id\":\"https:\/\/rafaleon.es\/#website\"},\"primaryImageOfPage\":{\"@id\":\"https:\/\/rafaleon.es\/?page_id=99#primaryimage\"},\"image\":{\"@id\":\"https:\/\/rafaleon.es\/?page_id=99#primaryimage\"},\"thumbnailUrl\":\"http:\/\/rafaleon.es\/wp-content\/uploads\/2022\/02\/moycor-logo.png\",\"datePublished\":\"2022-02-18T11:11:53+00:00\",\"dateModified\":\"2025-01-30T12:35:40+00:00\",\"breadcrumb\":{\"@id\":\"https:\/\/rafaleon.es\/?page_id=99#breadcrumb\"},\"inLanguage\":\"es\",\"potentialAction\":[{\"@type\":\"ReadAction\",\"target\":[\"https:\/\/rafaleon.es\/?page_id=99\"]}]},{\"@type\":\"ImageObject\",\"inLanguage\":\"es\",\"@id\":\"https:\/\/rafaleon.es\/?page_id=99#primaryimage\",\"url\":\"https:\/\/rafaleon.es\/wp-content\/uploads\/2022\/02\/moycor-logo.png\",\"contentUrl\":\"https:\/\/rafaleon.es\/wp-content\/uploads\/2022\/02\/moycor-logo.png\",\"width\":267,\"height\":189},{\"@type\":\"BreadcrumbList\",\"@id\":\"https:\/\/rafaleon.es\/?page_id=99#breadcrumb\",\"itemListElement\":[{\"@type\":\"ListItem\",\"position\":1,\"name\":\"Portada\",\"item\":\"https:\/\/rafaleon.es\/\"},{\"@type\":\"ListItem\",\"position\":2,\"name\":\"Fabricantes\"}]},{\"@type\":\"WebSite\",\"@id\":\"https:\/\/rafaleon.es\/#website\",\"url\":\"https:\/\/rafaleon.es\/\",\"name\":\"RAFAEL LE\u00d3N\",\"description\":\"REPRESENTACIONES DE MUEBLES Y ART\u00cdCULOS DE DECORACI\u00d3N\",\"potentialAction\":[{\"@type\":\"SearchAction\",\"target\":{\"@type\":\"EntryPoint\",\"urlTemplate\":\"https:\/\/rafaleon.es\/?s={search_term_string}\"},\"query-input\":{\"@type\":\"PropertyValueSpecification\",\"valueRequired\":true,\"valueName\":\"search_term_string\"}}],\"inLanguage\":\"es\"}]}<\/script>\n<!-- \/ Yoast SEO plugin. -->","yoast_head_json":{"title":"Fabricantes - RAFAEL LE\u00d3N","robots":{"index":"index","follow":"follow","max-snippet":"max-snippet:-1","max-image-preview":"max-image-preview:large","max-video-preview":"max-video-preview:-1"},"canonical":"https:\/\/rafaleon.es\/?page_id=99","og_locale":"es_ES","og_type":"article","og_title":"Fabricantes - RAFAEL LE\u00d3N","og_description":"\u00a0 \u00a0 Empresa l\u00edder en la fabricaci\u00f3n y venta de muebles tapizados, con una amplia oferta de productos en cat\u00e1logo. Actual, vanguardista, cl\u00e1sico y convencional. Mu\u00f1oz Robles destaca su apuesta por el dise\u00f1o, la innovaci\u00f3n y el desarrollo de nuevas tendencias y estilos.\u00a0\u00a0 \u00a0 \u00a0 \u00a0 Si deseas ampliar informaci\u00f3n (cat\u00e1logos, tarifas, claves\u2026) de mis &hellip; Leer m\u00e1s \u00abFabricantes\u00bb","og_url":"https:\/\/rafaleon.es\/?page_id=99","og_site_name":"RAFAEL LE\u00d3N","article_modified_time":"2025-01-30T12:35:40+00:00","og_image":[{"url":"http:\/\/rafaleon.es\/wp-content\/uploads\/2022\/02\/Moycor2-150x150.jpg","type":"","width":"","height":""}],"twitter_card":"summary_large_image","twitter_misc":{"Tiempo de lectura":"2 minutos"},"schema":{"@context":"https:\/\/schema.org","@graph":[{"@type":"WebPage","@id":"https:\/\/rafaleon.es\/?page_id=99","url":"https:\/\/rafaleon.es\/?page_id=99","name":"Fabricantes - RAFAEL LE\u00d3N","isPartOf":{"@id":"https:\/\/rafaleon.es\/#website"},"primaryImageOfPage":{"@id":"https:\/\/rafaleon.es\/?page_id=99#primaryimage"},"image":{"@id":"https:\/\/rafaleon.es\/?page_id=99#primaryimage"},"thumbnailUrl":"http:\/\/rafaleon.es\/wp-content\/uploads\/2022\/02\/moycor-logo.png","datePublished":"2022-02-18T11:11:53+00:00","dateModified":"2025-01-30T12:35:40+00:00","breadcrumb":{"@id":"https:\/\/rafaleon.es\/?page_id=99#breadcrumb"},"inLanguage":"es","potentialAction":[{"@type":"ReadAction","target":["https:\/\/rafaleon.es\/?page_id=99"]}]},{"@type":"ImageObject","inLanguage":"es","@id":"https:\/\/rafaleon.es\/?page_id=99#primaryimage","url":"https:\/\/rafaleon.es\/wp-content\/uploads\/2022\/02\/moycor-logo.png","contentUrl":"https:\/\/rafaleon.es\/wp-content\/uploads\/2022\/02\/moycor-logo.png","width":267,"height":189},{"@type":"BreadcrumbList","@id":"https:\/\/rafaleon.es\/?page_id=99#breadcrumb","itemListElement":[{"@type":"ListItem","position":1,"name":"Portada","item":"https:\/\/rafaleon.es\/"},{"@type":"ListItem","position":2,"name":"Fabricantes"}]},{"@type":"WebSite","@id":"https:\/\/rafaleon.es\/#website","url":"https:\/\/rafaleon.es\/","name":"RAFAEL LE\u00d3N","description":"REPRESENTACIONES DE MUEBLES Y ART\u00cdCULOS DE DECORACI\u00d3N","potentialAction":[{"@type":"SearchAction","target":{"@type":"EntryPoint","urlTemplate":"https:\/\/rafaleon.es\/?s={search_term_string}"},"query-input":{"@type":"PropertyValueSpecification","valueRequired":true,"valueName":"search_term_string"}}],"inLanguage":"es"}]}},"_links":{"self":[{"href":"https:\/\/rafaleon.es\/index.php?rest_route=\/wp\/v2\/pages\/99","targetHints":{"allow":["GET"]}}],"collection":[{"href":"https:\/\/rafaleon.es\/index.php?rest_route=\/wp\/v2\/pages"}],"about":[{"href":"https:\/\/rafaleon.es\/index.php?rest_route=\/wp\/v2\/types\/page"}],"author":[{"embeddable":true,"href":"https:\/\/rafaleon.es\/index.php?rest_route=\/wp\/v2\/users\/1"}],"replies":[{"embeddable":true,"href":"https:\/\/rafaleon.es\/index.php?rest_route=%2Fwp%2Fv2%2Fcomments&post=99"}],"version-history":[{"count":275,"href":"https:\/\/rafaleon.es\/index.php?rest_route=\/wp\/v2\/pages\/99\/revisions"}],"predecessor-version":[{"id":1417,"href":"https:\/\/rafaleon.es\/index.php?rest_route=\/wp\/v2\/pages\/99\/revisions\/1417"}],"wp:attachment":[{"href":"https:\/\/rafaleon.es\/index.php?rest_route=%2Fwp%2Fv2%2Fmedia&parent=99"}],"curies":[{"name":"wp","href":"https:\/\/api.w.org\/{rel}","templated":true}]}}